{"id":24875,"date":"2020-08-31T13:22:36","date_gmt":"2020-08-31T13:22:36","guid":{"rendered":"https:\/\/intetics.com\/terms-and-conditions\/"},"modified":"2022-11-04T17:02:54","modified_gmt":"2022-11-04T17:02:54","slug":"terms-and-conditions","status":"publish","type":"page","link":"https:\/\/intetics.com\/de\/terms-and-conditions\/","title":{"rendered":"Gesch\u00e4ftsbedingungen"},"content":{"rendered":"\n<p>Bitte lesen Sie diese Allgemeinen Gesch\u00e4ftsbedingungen (\u201eBedingungen\u201c) sorgf\u00e4ltig durch, bevor Sie https:\/\/www.intetics.com\/ (\u201eWebseite\u201c) nutzen, die von Intetics Inc., USA Company (\u201eIntetics\u201c, \u201euns\u201c, \u201ewir\u201c, &#8220;unser&#8221;).<\/p>\n\n\n\n<h2 class=\"wp-block-heading\"><strong>Nutzungsbedingungen<\/strong><\/h2>\n\n\n\n<p>Durch die Nutzung dieser Webseite best\u00e4tigen Sie, dass Sie diese Bedingungen gelesen und \u00fcberpr\u00fcft haben und dass Sie damit einverstanden sind, die Bedingungen einzuhalten. Wenn Sie nicht an diese Bedingungen gebunden sein m\u00f6chten, wird Ihnen empfohlen, die Webseite entsprechend zu verlassen. Intetics gew\u00e4hrt die Nutzung und den Zugriff auf diese Webseite, ihre Produkte und ihre Dienstleistungen nur denjenigen, die ihre Bedingungen akzeptiert haben.<\/p>\n\n\n\n<h2 class=\"wp-block-heading\"><strong>Datenschutz-Bestimmungen<\/strong><\/h2>\n\n\n\n<p>Bevor Sie unsere Webseite weiter nutzen, empfehlen wir Ihnen, unsere Datenschutzrichtlinie bez\u00fcglich der Datenerhebung von Webseiten-Benutzern und -Besuchern zu lesen. Sie wird Ihnen helfen, unsere Praktiken besser zu verstehen.<\/p>\n\n\n\n<h2 class=\"wp-block-heading\"><strong>Altersbeschr\u00e4nkung<\/strong><\/h2>\n\n\n\n<p>Sie m\u00fcssen mindestens 18 (achtzehn) Jahre alt sein, bevor Sie diese Webseite nutzen k\u00f6nnen. Durch die Nutzung dieser Webseite garantieren Sie, dass Sie mindestens 18 Jahre alt sind und sich rechtlich an diese Bedingungen halten k\u00f6nnen. Intetics \u00fcbernimmt keine Verantwortung f\u00fcr Haftungen im Zusammenhang mit falschen Altersangaben.<\/p>\n\n\n\n<h2 class=\"wp-block-heading\"><strong>Anfragen nach Dienstleistungen<\/strong><\/h2>\n\n\n\n<p>Um die Dienstleistungen von Intetics (\u201eDienste\u201c) anzufordern, k\u00f6nnen Sie einen der folgenden Wege w\u00e4hlen:<\/p>\n\n\n\n<ul class=\"wp-block-list\"><li>Senden Sie die Anfrage \u00fcber das Kontaktformular<\/li><li>Senden Sie die Anfrage per E-Mail an <a href=\"mailto:intetics@intetics.com\">intetics@intetics.com<\/a><\/li><li>Rufen Sie uns telefonisch an<\/li><\/ul>\n\n\n\n<h2 class=\"wp-block-heading\"><strong>Geistiges Eigentum<\/strong><\/h2>\n\n\n\n<p>Sie stimmen zu, dass alle auf dieser Webseite bereitgestellten Materialien, Produkte und Dienstleistungen Eigentum von Intetics, seinen verbundenen Unternehmen, Direktoren, leitenden Angestellten, Mitarbeitern, Vertretern, Lieferanten oder Lizenzgebern sind, einschlie\u00dflich aller Urheberrechte, Gesch\u00e4ftsgeheimnisse, Marken, Patente und sonstigen geistigen Eigentums . Sie stimmen auch zu, dass Sie das geistige Eigentum von Intetics in keiner Weise reproduzieren oder weitergeben, einschlie\u00dflich elektronischer, digitaler oder neuer Markenregistrierungen.<\/p>\n\n\n\n<p>Sie gew\u00e4hren Intetics eine geb\u00fchrenfreie und nicht ausschlie\u00dfliche Lizenz zur Anzeige, Nutzung, Vervielf\u00e4ltigung, \u00dcbertragung und Verbreitung der von Ihnen hochgeladenen und ver\u00f6ffentlichten Inhalte. Bei Fragen zu Anspr\u00fcchen auf geistiges Eigentum sollten Sie sich an Intetics wenden, um eine Einigung zu erzielen.<\/p>\n\n\n\n<h2 class=\"wp-block-heading\"><strong>Benutzerkonten<\/strong><\/h2>\n\n\n\n<p>Als Benutzer dieser Webseite werden Sie m\u00f6glicherweise aufgefordert, sich bei uns zu registrieren und private Informationen anzugeben. Sie sind daf\u00fcr verantwortlich, die Richtigkeit dieser Informationen sicherzustellen, und Sie sind daf\u00fcr verantwortlich, die Sicherheit und den Schutz Ihrer identifizierenden Informationen zu gew\u00e4hrleisten. Sie sind auch f\u00fcr alle Aktivit\u00e4ten verantwortlich, die unter Ihrem Konto oder Passwort stattfinden.<\/p>\n\n\n\n<p>Wenn Sie der Meinung sind, dass es m\u00f6gliche Probleme in Bezug auf die Sicherheit Ihres Kontos auf der Webseite gibt, informieren Sie uns unverz\u00fcglich, damit wir uns entsprechend darum k\u00fcmmern k\u00f6nnen.<\/p>\n\n\n\n<p>Wir behalten uns alle Rechte vor, Inhalte zu bearbeiten oder zu entfernen und Anfragen nach eigenem Ermessen zu stornieren.<\/p>\n\n\n\n<h2 class=\"wp-block-heading\"><strong>Anwendbares Recht<\/strong><\/h2>\n\n\n\n<p>Durch den Besuch dieser Website erkl\u00e4ren Sie sich damit einverstanden, dass die Gesetze des Staates Florida, USA, ohne R\u00fccksicht auf kollisionsrechtliche Grunds\u00e4tze, f\u00fcr diese Bedingungen und Konditionen sowie f\u00fcr alle Streitigkeiten jeglicher Art zwischen Intetics und Ihnen oder seinen Gesch\u00e4ftspartnern und verbundenen Unternehmen gelten.<\/p>\n\n\n\n<h2 class=\"wp-block-heading\"><strong>Streitigkeiten<\/strong><\/h2>\n\n\n\n<p>Alle Streitigkeiten im Zusammenhang mit Ihrem Besuch dieser Webseite werden vom United States District Court for the Middle District of Florida geschlichtet und Sie stimmen der ausschlie\u00dflichen Zust\u00e4ndigkeit und dem Gerichtsstand dieser Gerichte zu.<\/p>\n\n\n\n<h2 class=\"wp-block-heading\"><strong>Entsch\u00e4digung<\/strong><\/h2>\n\n\n\n<p>Sie erkl\u00e4ren sich damit einverstanden, Intetics und seine verbundenen Unternehmen schadlos zu halten und Intetics von jeglichen Verlusten, Sch\u00e4den, Kosten, Verbindlichkeiten und Ausgaben freizustellen (einschlie\u00dflich, aber nicht beschr\u00e4nkt auf Rechtskosten und alle Betr\u00e4ge, die wir an Dritte zur Beilegung einer Forderung oder Streitigkeit \u00fcber die Beratung durch unsere Rechtsberater), die uns aus einer Verletzung einer Bestimmung dieser Bedingungen durch Sie oder aus einer Behauptung entstehen, dass Sie gegen eine Bestimmung dieser Bedingungen versto\u00dfen haben. Intetics beh\u00e4lt sich das Recht vor, seinen eigenen Rechtsbeistand auszuw\u00e4hlen.<\/p>\n\n\n\n<h2 class=\"wp-block-heading\"><strong>Keine Garantien<\/strong><\/h2>\n\n\n\n<p>Diese Webseite wird \u201ewie besehen\u201c ohne ausdr\u00fcckliche oder stillschweigende Zusicherungen oder Gew\u00e4hrleistungen bereitgestellt. Intetics gibt keine Zusicherungen oder Gew\u00e4hrleistungen in Bezug auf diese Webseite oder die auf dieser Webseite bereitgestellten Informationen und Materialien.<\/p>\n\n\n\n<h2 class=\"wp-block-heading\"><strong>Haftungsbeschr\u00e4nkung<\/strong><\/h2>\n\n\n\n<p>Intetics haftet nicht f\u00fcr Sch\u00e4den, die Ihnen durch den Missbrauch unserer Webseite entstehen.<\/p>\n\n\n\n<p>Intetics beh\u00e4lt sich das Recht vor, diese Bedingungen jederzeit auf der Webseite zu bearbeiten, zu modifizieren und zu \u00e4ndern.<\/p>\n\n\n\n<p>Diese Bedingungen sind eine \u00dcbereinkunft zwischen Intetics und dem Benutzer und ersetzen alle vorherigen Vereinbarungen oder Bedingungen bez\u00fcglich der Nutzung dieser Webseite.<\/p>\n","protected":false},"excerpt":{"rendered":"<p>Bitte lesen Sie diese Allgemeinen Gesch\u00e4ftsbedingungen (\u201eBedingungen\u201c) sorgf\u00e4ltig durch, bevor Sie https:\/\/www.intetics.com\/ (\u201eWebseite\u201c) nutzen, die von Intetics Inc., USA Company (\u201eIntetics\u201c, \u201euns\u201c, \u201ewir\u201c, &#8220;unser&#8221;). Nutzungsbedingungen Durch die Nutzung dieser Webseite best\u00e4tigen Sie, dass Sie diese Bedingungen gelesen und \u00fcberpr\u00fcft haben und dass Sie damit einverstanden sind, die Bedingungen einzuhalten. Wenn Sie nicht an diese Bedingungen [&hellip;]<\/p>\n","protected":false},"author":2,"featured_media":0,"parent":0,"menu_order":0,"comment_status":"closed","ping_status":"closed","template":"template-parts\/privacy-policy.php","meta":{"_acf_changed":false,"nf_dc_page":"","footnotes":""},"class_list":["post-24875","page","type-page","status-publish","hentry"],"acf":[],"yoast_head":"<!-- This site is optimized with the Yoast SEO Premium plugin v26.9 (Yoast SEO v27.2) - https:\/\/yoast.com\/product\/yoast-seo-premium-wordpress\/ -->\n<title>Gesch\u00e4ftsbedingungen - Intetics<\/title>\n<meta name=\"description\" content=\"Bitte lesen Sie diese Allgemeinen Gesch\u00e4ftsbedingungen (\u201eBedingungen\u201c) sorgf\u00e4ltig durch, bevor Sie https:\/\/www.intetics.com\/ (\u201eWebseite\u201c) nutzen, die von\" \/>\n<meta name=\"robots\" content=\"index, follow, max-snippet:-1, max-image-preview:large, max-video-preview:-1\" \/>\n<link rel=\"canonical\" href=\"https:\/\/intetics.com\/de\/terms-and-conditions\/\" \/>\n<meta property=\"og:locale\" content=\"de_DE\" \/>\n<meta property=\"og:type\" content=\"article\" \/>\n<meta property=\"og:title\" content=\"Gesch\u00e4ftsbedingungen\" \/>\n<meta property=\"og:description\" content=\"Bitte lesen Sie diese Allgemeinen Gesch\u00e4ftsbedingungen (\u201eBedingungen\u201c) sorgf\u00e4ltig durch, bevor Sie https:\/\/www.intetics.com\/ (\u201eWebseite\u201c) nutzen, die von\" \/>\n<meta property=\"og:url\" content=\"https:\/\/intetics.com\/de\/terms-and-conditions\/\" \/>\n<meta property=\"og:site_name\" content=\"Intetics\" \/>\n<meta property=\"article:publisher\" content=\"https:\/\/www.facebook.com\/inteticsglobal\/\" \/>\n<meta property=\"article:modified_time\" content=\"2022-11-04T17:02:54+00:00\" \/>\n<meta property=\"og:image\" content=\"https:\/\/intetics.com\/wp-content\/uploads\/2021\/04\/Intetics_LOGO_Orange-on-white-backgroundx500.png\" \/>\n\t<meta property=\"og:image:width\" content=\"500\" \/>\n\t<meta property=\"og:image:height\" content=\"216\" \/>\n\t<meta property=\"og:image:type\" content=\"image\/png\" \/>\n<meta name=\"twitter:card\" content=\"summary_large_image\" \/>\n<meta name=\"twitter:site\" content=\"@intetics\" \/>\n<script type=\"application\/ld+json\" class=\"yoast-schema-graph\">{\"@context\":\"https:\/\/schema.org\",\"@graph\":[{\"@type\":\"WebPage\",\"@id\":\"https:\/\/intetics.com\/de\/terms-and-conditions\/\",\"url\":\"https:\/\/intetics.com\/de\/terms-and-conditions\/\",\"name\":\"Gesch\u00e4ftsbedingungen - Intetics\",\"isPartOf\":{\"@id\":\"https:\/\/intetics.com\/de\/#website\"},\"datePublished\":\"2020-08-31T13:22:36+00:00\",\"dateModified\":\"2022-11-04T17:02:54+00:00\",\"description\":\"Bitte lesen Sie diese Allgemeinen Gesch\u00e4ftsbedingungen (\u201eBedingungen\u201c) sorgf\u00e4ltig durch, bevor Sie https:\/\/www.intetics.com\/ (\u201eWebseite\u201c) nutzen, die von\",\"breadcrumb\":{\"@id\":\"https:\/\/intetics.com\/de\/terms-and-conditions\/#breadcrumb\"},\"inLanguage\":\"de\",\"potentialAction\":[{\"@type\":\"ReadAction\",\"target\":[\"https:\/\/intetics.com\/de\/terms-and-conditions\/\"]}]},{\"@type\":\"BreadcrumbList\",\"@id\":\"https:\/\/intetics.com\/de\/terms-and-conditions\/#breadcrumb\",\"itemListElement\":[{\"@type\":\"ListItem\",\"position\":1,\"name\":\"Home\",\"item\":\"https:\/\/intetics.com\/de\/\"},{\"@type\":\"ListItem\",\"position\":2,\"name\":\"Gesch\u00e4ftsbedingungen\"}]},{\"@type\":\"WebSite\",\"@id\":\"https:\/\/intetics.com\/de\/#website\",\"url\":\"https:\/\/intetics.com\/de\/\",\"name\":\"Intetics\",\"description\":\"Where software concepts come alive\",\"publisher\":{\"@id\":\"https:\/\/intetics.com\/de\/#organization\"},\"potentialAction\":[{\"@type\":\"SearchAction\",\"target\":{\"@type\":\"EntryPoint\",\"urlTemplate\":\"https:\/\/intetics.com\/de\/?s={search_term_string}\"},\"query-input\":{\"@type\":\"PropertyValueSpecification\",\"valueRequired\":true,\"valueName\":\"search_term_string\"}}],\"inLanguage\":\"de\"},{\"@type\":\"Organization\",\"@id\":\"https:\/\/intetics.com\/de\/#organization\",\"name\":\"Intetics Inc.\",\"url\":\"https:\/\/intetics.com\/de\/\",\"logo\":{\"@type\":\"ImageObject\",\"inLanguage\":\"de\",\"@id\":\"https:\/\/intetics.com\/de\/#\/schema\/logo\/image\/\",\"url\":\"https:\/\/intetics.com\/wp-content\/uploads\/2021\/04\/Intetics_LOGO_Orange-on-white-backgroundx500.png\",\"contentUrl\":\"https:\/\/intetics.com\/wp-content\/uploads\/2021\/04\/Intetics_LOGO_Orange-on-white-backgroundx500.png\",\"width\":500,\"height\":216,\"caption\":\"Intetics Inc.\"},\"image\":{\"@id\":\"https:\/\/intetics.com\/de\/#\/schema\/logo\/image\/\"},\"sameAs\":[\"https:\/\/www.facebook.com\/inteticsglobal\/\",\"https:\/\/x.com\/intetics\",\"https:\/\/www.instagram.com\/_intetics_\/\",\"https:\/\/www.linkedin.com\/company\/intetics\/\",\"https:\/\/www.youtube.com\/c\/InteticsVideo\/featured\",\"https:\/\/en.wikipedia.org\/wiki\/Intetics\"]}]}<\/script>\n<!-- \/ Yoast SEO Premium plugin. -->","yoast_head_json":{"title":"Gesch\u00e4ftsbedingungen - Intetics","description":"Bitte lesen Sie diese Allgemeinen Gesch\u00e4ftsbedingungen (\u201eBedingungen\u201c) sorgf\u00e4ltig durch, bevor Sie https:\/\/www.intetics.com\/ (\u201eWebseite\u201c) nutzen, die von","robots":{"index":"index","follow":"follow","max-snippet":"max-snippet:-1","max-image-preview":"max-image-preview:large","max-video-preview":"max-video-preview:-1"},"canonical":"https:\/\/intetics.com\/de\/terms-and-conditions\/","og_locale":"de_DE","og_type":"article","og_title":"Gesch\u00e4ftsbedingungen","og_description":"Bitte lesen Sie diese Allgemeinen Gesch\u00e4ftsbedingungen (\u201eBedingungen\u201c) sorgf\u00e4ltig durch, bevor Sie https:\/\/www.intetics.com\/ (\u201eWebseite\u201c) nutzen, die von","og_url":"https:\/\/intetics.com\/de\/terms-and-conditions\/","og_site_name":"Intetics","article_publisher":"https:\/\/www.facebook.com\/inteticsglobal\/","article_modified_time":"2022-11-04T17:02:54+00:00","og_image":[{"width":500,"height":216,"url":"https:\/\/intetics.com\/wp-content\/uploads\/2021\/04\/Intetics_LOGO_Orange-on-white-backgroundx500.png","type":"image\/png"}],"twitter_card":"summary_large_image","twitter_site":"@intetics","schema":{"@context":"https:\/\/schema.org","@graph":[{"@type":"WebPage","@id":"https:\/\/intetics.com\/de\/terms-and-conditions\/","url":"https:\/\/intetics.com\/de\/terms-and-conditions\/","name":"Gesch\u00e4ftsbedingungen - Intetics","isPartOf":{"@id":"https:\/\/intetics.com\/de\/#website"},"datePublished":"2020-08-31T13:22:36+00:00","dateModified":"2022-11-04T17:02:54+00:00","description":"Bitte lesen Sie diese Allgemeinen Gesch\u00e4ftsbedingungen (\u201eBedingungen\u201c) sorgf\u00e4ltig durch, bevor Sie https:\/\/www.intetics.com\/ (\u201eWebseite\u201c) nutzen, die von","breadcrumb":{"@id":"https:\/\/intetics.com\/de\/terms-and-conditions\/#breadcrumb"},"inLanguage":"de","potentialAction":[{"@type":"ReadAction","target":["https:\/\/intetics.com\/de\/terms-and-conditions\/"]}]},{"@type":"BreadcrumbList","@id":"https:\/\/intetics.com\/de\/terms-and-conditions\/#breadcrumb","itemListElement":[{"@type":"ListItem","position":1,"name":"Home","item":"https:\/\/intetics.com\/de\/"},{"@type":"ListItem","position":2,"name":"Gesch\u00e4ftsbedingungen"}]},{"@type":"WebSite","@id":"https:\/\/intetics.com\/de\/#website","url":"https:\/\/intetics.com\/de\/","name":"Intetics","description":"Where software concepts come alive","publisher":{"@id":"https:\/\/intetics.com\/de\/#organization"},"potentialAction":[{"@type":"SearchAction","target":{"@type":"EntryPoint","urlTemplate":"https:\/\/intetics.com\/de\/?s={search_term_string}"},"query-input":{"@type":"PropertyValueSpecification","valueRequired":true,"valueName":"search_term_string"}}],"inLanguage":"de"},{"@type":"Organization","@id":"https:\/\/intetics.com\/de\/#organization","name":"Intetics Inc.","url":"https:\/\/intetics.com\/de\/","logo":{"@type":"ImageObject","inLanguage":"de","@id":"https:\/\/intetics.com\/de\/#\/schema\/logo\/image\/","url":"https:\/\/intetics.com\/wp-content\/uploads\/2021\/04\/Intetics_LOGO_Orange-on-white-backgroundx500.png","contentUrl":"https:\/\/intetics.com\/wp-content\/uploads\/2021\/04\/Intetics_LOGO_Orange-on-white-backgroundx500.png","width":500,"height":216,"caption":"Intetics Inc."},"image":{"@id":"https:\/\/intetics.com\/de\/#\/schema\/logo\/image\/"},"sameAs":["https:\/\/www.facebook.com\/inteticsglobal\/","https:\/\/x.com\/intetics","https:\/\/www.instagram.com\/_intetics_\/","https:\/\/www.linkedin.com\/company\/intetics\/","https:\/\/www.youtube.com\/c\/InteticsVideo\/featured","https:\/\/en.wikipedia.org\/wiki\/Intetics"]}]}},"_links":{"self":[{"href":"https:\/\/intetics.com\/de\/wp-json\/wp\/v2\/pages\/24875","targetHints":{"allow":["GET"]}}],"collection":[{"href":"https:\/\/intetics.com\/de\/wp-json\/wp\/v2\/pages"}],"about":[{"href":"https:\/\/intetics.com\/de\/wp-json\/wp\/v2\/types\/page"}],"author":[{"embeddable":true,"href":"https:\/\/intetics.com\/de\/wp-json\/wp\/v2\/users\/2"}],"replies":[{"embeddable":true,"href":"https:\/\/intetics.com\/de\/wp-json\/wp\/v2\/comments?post=24875"}],"version-history":[{"count":0,"href":"https:\/\/intetics.com\/de\/wp-json\/wp\/v2\/pages\/24875\/revisions"}],"wp:attachment":[{"href":"https:\/\/intetics.com\/de\/wp-json\/wp\/v2\/media?parent=24875"}],"curies":[{"name":"wp","href":"https:\/\/api.w.org\/{rel}","templated":true}]}}